{"id":1899,"date":"2023-04-25T23:54:30","date_gmt":"2023-04-25T21:54:30","guid":{"rendered":"https:\/\/bp.nivo-web.com\/diving\/private-diving\/"},"modified":"2025-04-17T16:03:44","modified_gmt":"2025-04-17T14:03:44","slug":"private-diving","status":"publish","type":"page","link":"https:\/\/bonifacioplongee.corsica\/en\/diving\/private-diving\/","title":{"rendered":"Private Diving"},"content":{"rendered":"\t\t<div data-elementor-type=\"wp-page\" data-elementor-id=\"1899\" class=\"elementor elementor-1899 elementor-126\" data-elementor-post-type=\"page\">\n\t\t\t\t\t\t<section class=\"elementor-section elementor-top-section elementor-element elementor-element-c16b0df elementor-section-height-min-height elementor-section-boxed elementor-section-height-default elementor-section-items-middle\" data-id=\"c16b0df\" data-element_type=\"section\" data-settings=\"{&quot;background_background&quot;:&quot;classic&quot;}\">\n\t\t\t\t\t\t\t<div class=\"elementor-background-overlay\"><\/div>\n\t\t\t\t\t\t\t<div class=\"elementor-container elementor-column-gap-default\">\n\t\t\t\t\t<div class=\"elementor-column elementor-col-100 elementor-top-column elementor-element elementor-element-0e244b0\" data-id=\"0e244b0\" data-element_type=\"column\">\n\t\t\t<div class=\"elementor-widget-wrap elementor-element-populated\">\n\t\t\t\t\t\t<div class=\"elementor-element elementor-element-52bb235 elementor-widget elementor-widget-image\" data-id=\"52bb235\" data-element_type=\"widget\" data-widget_type=\"image.default\">\n\t\t\t\t<div class=\"elementor-widget-container\">\n\t\t\t\t\t\t\t\t\t\t\t\t\t\t\t<img fetchpriority=\"high\" decoding=\"async\" width=\"800\" height=\"480\" src=\"https:\/\/bonifacioplongee.corsica\/wp-content\/uploads\/2023\/05\/Plongeur-1.svg\" class=\"attachment-large size-large wp-image-1755\" alt=\"\" \/>\t\t\t\t\t\t\t\t\t\t\t\t\t\t\t<\/div>\n\t\t\t\t<\/div>\n\t\t\t\t<div class=\"elementor-element elementor-element-ca9d501 elementor-widget elementor-widget-heading\" data-id=\"ca9d501\" data-element_type=\"widget\" data-widget_type=\"heading.default\">\n\t\t\t\t<div class=\"elementor-widget-container\">\n\t\t\t\t\t<h2 class=\"elementor-heading-title elementor-size-default\">Private Diving Experiences<\/h2>\t\t\t\t<\/div>\n\t\t\t\t<\/div>\n\t\t\t\t<div class=\"elementor-element elementor-element-12fe19e elementor-widget elementor-widget-text-editor\" data-id=\"12fe19e\" data-element_type=\"widget\" data-widget_type=\"text-editor.default\">\n\t\t\t\t<div class=\"elementor-widget-container\">\n\t\t\t\t\t\t\t\t\t<p>Discover Bonifacio&#8217;s underwater treasures in the comfort and privacy of your own private diving experience. Whether you&#8217;re a novice or a seasoned diver, our dedicated team will tailor an adventure to suit your desires and skill level.<\/p>\t\t\t\t\t\t\t\t<\/div>\n\t\t\t\t<\/div>\n\t\t\t\t<div class=\"elementor-element elementor-element-50f9f78 elementor-widget__width-auto elementor-align-center elementor-widget elementor-widget-button\" data-id=\"50f9f78\" data-element_type=\"widget\" data-widget_type=\"button.default\">\n\t\t\t\t<div class=\"elementor-widget-container\">\n\t\t\t\t\t\t\t\t\t<div class=\"elementor-button-wrapper\">\n\t\t\t\t\t<a class=\"elementor-button elementor-button-link elementor-size-sm\" href=\"#privee\">\n\t\t\t\t\t\t<span class=\"elementor-button-content-wrapper\">\n\t\t\t\t\t\t\t\t\t<span class=\"elementor-button-text\">Discover<\/span>\n\t\t\t\t\t<\/span>\n\t\t\t\t\t<\/a>\n\t\t\t\t<\/div>\n\t\t\t\t\t\t\t\t<\/div>\n\t\t\t\t<\/div>\n\t\t\t\t\t<\/div>\n\t\t<\/div>\n\t\t\t\t\t<\/div>\n\t\t<\/section>\n\t\t\t\t<section class=\"elementor-section elementor-top-section elementor-element elementor-element-07740c5 elementor-section-boxed elementor-section-height-default elementor-section-height-default\" data-id=\"07740c5\" data-element_type=\"section\" id=\"privee\" data-settings=\"{&quot;background_background&quot;:&quot;video&quot;}\">\n\t\t\t\t\t\t<div class=\"elementor-container elementor-column-gap-default\">\n\t\t\t\t\t<div class=\"elementor-column elementor-col-100 elementor-top-column elementor-element elementor-element-01e4b90\" data-id=\"01e4b90\" data-element_type=\"column\">\n\t\t\t<div class=\"elementor-widget-wrap elementor-element-populated\">\n\t\t\t\t\t\t<div class=\"elementor-element elementor-element-295c456 elementor-widget elementor-widget-heading\" data-id=\"295c456\" data-element_type=\"widget\" data-widget_type=\"heading.default\">\n\t\t\t\t<div class=\"elementor-widget-container\">\n\t\t\t\t\t<h2 class=\"elementor-heading-title elementor-size-default\">PRIVATE DIVING<\/h2>\t\t\t\t<\/div>\n\t\t\t\t<\/div>\n\t\t\t\t<div class=\"elementor-element elementor-element-af0ceaf elementor-widget elementor-widget-text-editor\" data-id=\"af0ceaf\" data-element_type=\"widget\" data-widget_type=\"text-editor.default\">\n\t\t\t\t<div class=\"elementor-widget-container\">\n\t\t\t\t\t\t\t\t\t<p>Are you ready for an unparalleled diving experience with Bonifacio Plong\u00e9e? Embrace the luxury of privacy and total personalization with our tailor-made private dive packages. Whether you&#8217;re traveling solo, as a couple, or with your family, we invite you to book your own exclusive underwater adventure today.<\/p><p>Imagine exploring Bonifacio&#8217;s seabed under the guidance of our dedicated team of experts, in the comfort of your own bubble. Whether you&#8217;re looking for a romantic getaway, a family adventure or a moment of solitary relaxation, our team will be delighted to create a customized itinerary to suit your needs and desires.<\/p><p>Contact us today to discuss your preferences and book your personalized private dive.<\/p><p>Create unforgettable memories in the crystal-clear waters of Bonifacio with Bonifacio Plong\u00e9e &#8211; where every dive is a unique and memorable experience.<\/p>\t\t\t\t\t\t\t\t<\/div>\n\t\t\t\t<\/div>\n\t\t\t\t<div class=\"elementor-element elementor-element-2d92f44 elementor-align-center elementor-mobile-align-justify elementor-widget elementor-widget-button\" data-id=\"2d92f44\" data-element_type=\"widget\" data-widget_type=\"button.default\">\n\t\t\t\t<div class=\"elementor-widget-container\">\n\t\t\t\t\t\t\t\t\t<div class=\"elementor-button-wrapper\">\n\t\t\t\t\t<a class=\"elementor-button elementor-button-link elementor-size-sm\" href=\"https:\/\/bonifacioplongee.corsica\/en\/contact\/\">\n\t\t\t\t\t\t<span class=\"elementor-button-content-wrapper\">\n\t\t\t\t\t\t\t\t\t<span class=\"elementor-button-text\">contact<\/span>\n\t\t\t\t\t<\/span>\n\t\t\t\t\t<\/a>\n\t\t\t\t<\/div>\n\t\t\t\t\t\t\t\t<\/div>\n\t\t\t\t<\/div>\n\t\t\t\t\t<\/div>\n\t\t<\/div>\n\t\t\t\t\t<\/div>\n\t\t<\/section>\n\t\t\t\t<section class=\"elementor-section elementor-top-section elementor-element elementor-element-9fc8dd8 elementor-section-full_width elementor-section-height-default elementor-section-height-default\" data-id=\"9fc8dd8\" data-element_type=\"section\">\n\t\t\t\t\t\t<div class=\"elementor-container elementor-column-gap-default\">\n\t\t\t\t\t<div class=\"elementor-column elementor-col-50 elementor-top-column elementor-element elementor-element-0e6cac3\" data-id=\"0e6cac3\" data-element_type=\"column\" data-settings=\"{&quot;background_background&quot;:&quot;classic&quot;}\">\n\t\t\t<div class=\"elementor-widget-wrap elementor-element-populated\">\n\t\t\t\t\t\t<div class=\"elementor-element elementor-element-b0bd381 elementor-widget elementor-widget-spacer\" data-id=\"b0bd381\" data-element_type=\"widget\" data-widget_type=\"spacer.default\">\n\t\t\t\t<div class=\"elementor-widget-container\">\n\t\t\t\t\t\t\t<div class=\"elementor-spacer\">\n\t\t\t<div class=\"elementor-spacer-inner\"><\/div>\n\t\t<\/div>\n\t\t\t\t\t\t<\/div>\n\t\t\t\t<\/div>\n\t\t\t\t\t<\/div>\n\t\t<\/div>\n\t\t\t\t<div class=\"elementor-column elementor-col-50 elementor-top-column elementor-element elementor-element-42188b1\" data-id=\"42188b1\" data-element_type=\"column\" data-settings=\"{&quot;background_background&quot;:&quot;classic&quot;}\">\n\t\t\t<div class=\"elementor-widget-wrap elementor-element-populated\">\n\t\t\t\t\t\t<div class=\"elementor-element elementor-element-fb60690 elementor-widget elementor-widget-spacer\" data-id=\"fb60690\" data-element_type=\"widget\" data-widget_type=\"spacer.default\">\n\t\t\t\t<div class=\"elementor-widget-container\">\n\t\t\t\t\t\t\t<div class=\"elementor-spacer\">\n\t\t\t<div class=\"elementor-spacer-inner\"><\/div>\n\t\t<\/div>\n\t\t\t\t\t\t<\/div>\n\t\t\t\t<\/div>\n\t\t\t\t\t<\/div>\n\t\t<\/div>\n\t\t\t\t\t<\/div>\n\t\t<\/section>\n\t\t\t\t<section class=\"elementor-section elementor-top-section elementor-element elementor-element-64b52cf elementor-section-full_width elementor-section-height-default elementor-section-height-default\" data-id=\"64b52cf\" data-element_type=\"section\">\n\t\t\t\t\t\t<div class=\"elementor-container elementor-column-gap-default\">\n\t\t\t\t\t<div class=\"elementor-column elementor-col-50 elementor-top-column elementor-element elementor-element-103234b\" data-id=\"103234b\" data-element_type=\"column\" data-settings=\"{&quot;background_background&quot;:&quot;classic&quot;}\">\n\t\t\t<div class=\"elementor-widget-wrap elementor-element-populated\">\n\t\t\t\t\t\t<div class=\"elementor-element elementor-element-aa17fa7 elementor-widget elementor-widget-spacer\" data-id=\"aa17fa7\" data-element_type=\"widget\" data-widget_type=\"spacer.default\">\n\t\t\t\t<div class=\"elementor-widget-container\">\n\t\t\t\t\t\t\t<div class=\"elementor-spacer\">\n\t\t\t<div class=\"elementor-spacer-inner\"><\/div>\n\t\t<\/div>\n\t\t\t\t\t\t<\/div>\n\t\t\t\t<\/div>\n\t\t\t\t\t<\/div>\n\t\t<\/div>\n\t\t\t\t<div class=\"elementor-column elementor-col-50 elementor-top-column elementor-element elementor-element-3a85422\" data-id=\"3a85422\" data-element_type=\"column\" data-settings=\"{&quot;background_background&quot;:&quot;classic&quot;}\">\n\t\t\t<div class=\"elementor-widget-wrap elementor-element-populated\">\n\t\t\t\t\t\t<div class=\"elementor-element elementor-element-5547f8e elementor-widget elementor-widget-spacer\" data-id=\"5547f8e\" data-element_type=\"widget\" data-widget_type=\"spacer.default\">\n\t\t\t\t<div class=\"elementor-widget-container\">\n\t\t\t\t\t\t\t<div class=\"elementor-spacer\">\n\t\t\t<div class=\"elementor-spacer-inner\"><\/div>\n\t\t<\/div>\n\t\t\t\t\t\t<\/div>\n\t\t\t\t<\/div>\n\t\t\t\t\t<\/div>\n\t\t<\/div>\n\t\t\t\t\t<\/div>\n\t\t<\/section>\n\t\t\t\t<\/div>\n\t\t","protected":false},"excerpt":{"rendered":"<p>Private Diving Experiences Discover Bonifacio&#8217;s underwater treasures in the comfort and privacy of your own private diving experience. Whether you&#8217;re a novice or a seasoned diver, our dedicated team will tailor an adventure to suit your desires and skill level. Discover PRIVATE DIVING Are you ready for an unparalleled diving experience with Bonifacio Plong\u00e9e? Embrace [&hellip;]<\/p>\n","protected":false},"author":1,"featured_media":0,"parent":1893,"menu_order":0,"comment_status":"closed","ping_status":"closed","template":"","meta":{"_acf_changed":false,"iawp_total_views":123,"footnotes":""},"class_list":["post-1899","page","type-page","status-publish","hentry"],"acf":[],"yoast_head":"<!-- This site is optimized with the Yoast SEO plugin v27.5 - https:\/\/yoast.com\/product\/yoast-seo-wordpress\/ -->\n<title>Private Diving | Centre de Plong\u00e9e Bonifacio Plong\u00e9e<\/title>\n<meta name=\"description\" content=\"Private diving in Bonifacio. Explore Corsica&#039;s seabed in complete privacy with Bonifacio Plong\u00e9e.\" \/>\n<meta name=\"robots\" content=\"index, follow, max-snippet:-1, max-image-preview:large, max-video-preview:-1\" \/>\n<link rel=\"canonical\" href=\"https:\/\/bonifacioplongee.corsica\/en\/diving\/private-diving\/\" \/>\n<meta property=\"og:locale\" content=\"en_US\" \/>\n<meta property=\"og:type\" content=\"article\" \/>\n<meta property=\"og:title\" content=\"Private Diving | Centre de Plong\u00e9e Bonifacio Plong\u00e9e\" \/>\n<meta property=\"og:description\" content=\"Private diving in Bonifacio. Explore Corsica&#039;s seabed in complete privacy with Bonifacio Plong\u00e9e.\" \/>\n<meta property=\"og:url\" content=\"https:\/\/bonifacioplongee.corsica\/en\/diving\/private-diving\/\" \/>\n<meta property=\"og:site_name\" content=\"Bonifacio Plong\u00e9e\" \/>\n<meta property=\"article:modified_time\" content=\"2025-04-17T14:03:44+00:00\" \/>\n<meta property=\"og:image\" content=\"https:\/\/bonifacioplongee.corsica\/wp-content\/uploads\/2023\/05\/Plongeur-1.svg\" \/>\n<meta name=\"twitter:card\" content=\"summary_large_image\" \/>\n<meta name=\"twitter:label1\" content=\"Est. reading time\" \/>\n\t<meta name=\"twitter:data1\" content=\"1 minute\" \/>\n<script type=\"application\/ld+json\" class=\"yoast-schema-graph\">{\"@context\":\"https:\\\/\\\/schema.org\",\"@graph\":[{\"@type\":\"WebPage\",\"@id\":\"https:\\\/\\\/bonifacioplongee.corsica\\\/en\\\/diving\\\/private-diving\\\/\",\"url\":\"https:\\\/\\\/bonifacioplongee.corsica\\\/en\\\/diving\\\/private-diving\\\/\",\"name\":\"Private Diving | Centre de Plong\u00e9e Bonifacio Plong\u00e9e\",\"isPartOf\":{\"@id\":\"https:\\\/\\\/www.bonifacioplongee.corsica\\\/en\\\/#website\"},\"primaryImageOfPage\":{\"@id\":\"https:\\\/\\\/bonifacioplongee.corsica\\\/en\\\/diving\\\/private-diving\\\/#primaryimage\"},\"image\":{\"@id\":\"https:\\\/\\\/bonifacioplongee.corsica\\\/en\\\/diving\\\/private-diving\\\/#primaryimage\"},\"thumbnailUrl\":\"https:\\\/\\\/bonifacioplongee.corsica\\\/wp-content\\\/uploads\\\/2023\\\/05\\\/Plongeur-1.svg\",\"datePublished\":\"2023-04-25T21:54:30+00:00\",\"dateModified\":\"2025-04-17T14:03:44+00:00\",\"description\":\"Private diving in Bonifacio. Explore Corsica's seabed in complete privacy with Bonifacio Plong\u00e9e.\",\"breadcrumb\":{\"@id\":\"https:\\\/\\\/bonifacioplongee.corsica\\\/en\\\/diving\\\/private-diving\\\/#breadcrumb\"},\"inLanguage\":\"en-US\",\"potentialAction\":[{\"@type\":\"ReadAction\",\"target\":[\"https:\\\/\\\/bonifacioplongee.corsica\\\/en\\\/diving\\\/private-diving\\\/\"]}]},{\"@type\":\"ImageObject\",\"inLanguage\":\"en-US\",\"@id\":\"https:\\\/\\\/bonifacioplongee.corsica\\\/en\\\/diving\\\/private-diving\\\/#primaryimage\",\"url\":\"https:\\\/\\\/bonifacioplongee.corsica\\\/wp-content\\\/uploads\\\/2023\\\/05\\\/Plongeur-1.svg\",\"contentUrl\":\"https:\\\/\\\/bonifacioplongee.corsica\\\/wp-content\\\/uploads\\\/2023\\\/05\\\/Plongeur-1.svg\"},{\"@type\":\"BreadcrumbList\",\"@id\":\"https:\\\/\\\/bonifacioplongee.corsica\\\/en\\\/diving\\\/private-diving\\\/#breadcrumb\",\"itemListElement\":[{\"@type\":\"ListItem\",\"position\":1,\"name\":\"Accueil\",\"item\":\"https:\\\/\\\/bonifacioplongee.corsica\\\/en\\\/\"},{\"@type\":\"ListItem\",\"position\":2,\"name\":\"Diving\",\"item\":\"https:\\\/\\\/www.bonifacioplongee.corsica\\\/en\\\/diving\\\/\"},{\"@type\":\"ListItem\",\"position\":3,\"name\":\"Private Diving\"}]},{\"@type\":\"WebSite\",\"@id\":\"https:\\\/\\\/www.bonifacioplongee.corsica\\\/en\\\/#website\",\"url\":\"https:\\\/\\\/www.bonifacioplongee.corsica\\\/en\\\/\",\"name\":\"Bonifacio Plong\u00e9e\",\"description\":\"\",\"publisher\":{\"@id\":\"https:\\\/\\\/www.bonifacioplongee.corsica\\\/en\\\/#organization\"},\"potentialAction\":[{\"@type\":\"SearchAction\",\"target\":{\"@type\":\"EntryPoint\",\"urlTemplate\":\"https:\\\/\\\/www.bonifacioplongee.corsica\\\/en\\\/?s={search_term_string}\"},\"query-input\":{\"@type\":\"PropertyValueSpecification\",\"valueRequired\":true,\"valueName\":\"search_term_string\"}}],\"inLanguage\":\"en-US\"},{\"@type\":\"Organization\",\"@id\":\"https:\\\/\\\/www.bonifacioplongee.corsica\\\/en\\\/#organization\",\"name\":\"Bonifacio Plong\u00e9e\",\"url\":\"https:\\\/\\\/www.bonifacioplongee.corsica\\\/en\\\/\",\"logo\":{\"@type\":\"ImageObject\",\"inLanguage\":\"en-US\",\"@id\":\"https:\\\/\\\/www.bonifacioplongee.corsica\\\/en\\\/#\\\/schema\\\/logo\\\/image\\\/\",\"url\":\"https:\\\/\\\/bonifacioplongee.corsica\\\/wp-content\\\/uploads\\\/2023\\\/04\\\/unnamed-2.png\",\"contentUrl\":\"https:\\\/\\\/bonifacioplongee.corsica\\\/wp-content\\\/uploads\\\/2023\\\/04\\\/unnamed-2.png\",\"width\":3508,\"height\":1005,\"caption\":\"Bonifacio Plong\u00e9e\"},\"image\":{\"@id\":\"https:\\\/\\\/www.bonifacioplongee.corsica\\\/en\\\/#\\\/schema\\\/logo\\\/image\\\/\"}}]}<\/script>\n<!-- \/ Yoast SEO plugin. -->","yoast_head_json":{"title":"Private Diving | Centre de Plong\u00e9e Bonifacio Plong\u00e9e","description":"Private diving in Bonifacio. Explore Corsica's seabed in complete privacy with Bonifacio Plong\u00e9e.","robots":{"index":"index","follow":"follow","max-snippet":"max-snippet:-1","max-image-preview":"max-image-preview:large","max-video-preview":"max-video-preview:-1"},"canonical":"https:\/\/bonifacioplongee.corsica\/en\/diving\/private-diving\/","og_locale":"en_US","og_type":"article","og_title":"Private Diving | Centre de Plong\u00e9e Bonifacio Plong\u00e9e","og_description":"Private diving in Bonifacio. Explore Corsica's seabed in complete privacy with Bonifacio Plong\u00e9e.","og_url":"https:\/\/bonifacioplongee.corsica\/en\/diving\/private-diving\/","og_site_name":"Bonifacio Plong\u00e9e","article_modified_time":"2025-04-17T14:03:44+00:00","og_image":[{"url":"https:\/\/bonifacioplongee.corsica\/wp-content\/uploads\/2023\/05\/Plongeur-1.svg","type":"","width":"","height":""}],"twitter_card":"summary_large_image","twitter_misc":{"Est. reading time":"1 minute"},"schema":{"@context":"https:\/\/schema.org","@graph":[{"@type":"WebPage","@id":"https:\/\/bonifacioplongee.corsica\/en\/diving\/private-diving\/","url":"https:\/\/bonifacioplongee.corsica\/en\/diving\/private-diving\/","name":"Private Diving | Centre de Plong\u00e9e Bonifacio Plong\u00e9e","isPartOf":{"@id":"https:\/\/www.bonifacioplongee.corsica\/en\/#website"},"primaryImageOfPage":{"@id":"https:\/\/bonifacioplongee.corsica\/en\/diving\/private-diving\/#primaryimage"},"image":{"@id":"https:\/\/bonifacioplongee.corsica\/en\/diving\/private-diving\/#primaryimage"},"thumbnailUrl":"https:\/\/bonifacioplongee.corsica\/wp-content\/uploads\/2023\/05\/Plongeur-1.svg","datePublished":"2023-04-25T21:54:30+00:00","dateModified":"2025-04-17T14:03:44+00:00","description":"Private diving in Bonifacio. Explore Corsica's seabed in complete privacy with Bonifacio Plong\u00e9e.","breadcrumb":{"@id":"https:\/\/bonifacioplongee.corsica\/en\/diving\/private-diving\/#breadcrumb"},"inLanguage":"en-US","potentialAction":[{"@type":"ReadAction","target":["https:\/\/bonifacioplongee.corsica\/en\/diving\/private-diving\/"]}]},{"@type":"ImageObject","inLanguage":"en-US","@id":"https:\/\/bonifacioplongee.corsica\/en\/diving\/private-diving\/#primaryimage","url":"https:\/\/bonifacioplongee.corsica\/wp-content\/uploads\/2023\/05\/Plongeur-1.svg","contentUrl":"https:\/\/bonifacioplongee.corsica\/wp-content\/uploads\/2023\/05\/Plongeur-1.svg"},{"@type":"BreadcrumbList","@id":"https:\/\/bonifacioplongee.corsica\/en\/diving\/private-diving\/#breadcrumb","itemListElement":[{"@type":"ListItem","position":1,"name":"Accueil","item":"https:\/\/bonifacioplongee.corsica\/en\/"},{"@type":"ListItem","position":2,"name":"Diving","item":"https:\/\/www.bonifacioplongee.corsica\/en\/diving\/"},{"@type":"ListItem","position":3,"name":"Private Diving"}]},{"@type":"WebSite","@id":"https:\/\/www.bonifacioplongee.corsica\/en\/#website","url":"https:\/\/www.bonifacioplongee.corsica\/en\/","name":"Bonifacio Plong\u00e9e","description":"","publisher":{"@id":"https:\/\/www.bonifacioplongee.corsica\/en\/#organization"},"potentialAction":[{"@type":"SearchAction","target":{"@type":"EntryPoint","urlTemplate":"https:\/\/www.bonifacioplongee.corsica\/en\/?s={search_term_string}"},"query-input":{"@type":"PropertyValueSpecification","valueRequired":true,"valueName":"search_term_string"}}],"inLanguage":"en-US"},{"@type":"Organization","@id":"https:\/\/www.bonifacioplongee.corsica\/en\/#organization","name":"Bonifacio Plong\u00e9e","url":"https:\/\/www.bonifacioplongee.corsica\/en\/","logo":{"@type":"ImageObject","inLanguage":"en-US","@id":"https:\/\/www.bonifacioplongee.corsica\/en\/#\/schema\/logo\/image\/","url":"https:\/\/bonifacioplongee.corsica\/wp-content\/uploads\/2023\/04\/unnamed-2.png","contentUrl":"https:\/\/bonifacioplongee.corsica\/wp-content\/uploads\/2023\/04\/unnamed-2.png","width":3508,"height":1005,"caption":"Bonifacio Plong\u00e9e"},"image":{"@id":"https:\/\/www.bonifacioplongee.corsica\/en\/#\/schema\/logo\/image\/"}}]}},"_links":{"self":[{"href":"https:\/\/bonifacioplongee.corsica\/en\/wp-json\/wp\/v2\/pages\/1899","targetHints":{"allow":["GET"]}}],"collection":[{"href":"https:\/\/bonifacioplongee.corsica\/en\/wp-json\/wp\/v2\/pages"}],"about":[{"href":"https:\/\/bonifacioplongee.corsica\/en\/wp-json\/wp\/v2\/types\/page"}],"author":[{"embeddable":true,"href":"https:\/\/bonifacioplongee.corsica\/en\/wp-json\/wp\/v2\/users\/1"}],"replies":[{"embeddable":true,"href":"https:\/\/bonifacioplongee.corsica\/en\/wp-json\/wp\/v2\/comments?post=1899"}],"version-history":[{"count":4,"href":"https:\/\/bonifacioplongee.corsica\/en\/wp-json\/wp\/v2\/pages\/1899\/revisions"}],"predecessor-version":[{"id":2230,"href":"https:\/\/bonifacioplongee.corsica\/en\/wp-json\/wp\/v2\/pages\/1899\/revisions\/2230"}],"up":[{"embeddable":true,"href":"https:\/\/bonifacioplongee.corsica\/en\/wp-json\/wp\/v2\/pages\/1893"}],"wp:attachment":[{"href":"https:\/\/bonifacioplongee.corsica\/en\/wp-json\/wp\/v2\/media?parent=1899"}],"curies":[{"name":"wp","href":"https:\/\/api.w.org\/{rel}","templated":true}]}}