{"id":2133,"date":"2023-04-20T21:23:03","date_gmt":"2023-04-20T19:23:03","guid":{"rendered":"https:\/\/www.bonifacioplongee.corsica\/legal-notices\/"},"modified":"2025-02-25T18:53:05","modified_gmt":"2025-02-25T17:53:05","slug":"legal-notices","status":"publish","type":"page","link":"https:\/\/bonifacioplongee.corsica\/en\/legal-notices\/","title":{"rendered":"Legal Notices"},"content":{"rendered":"\t\t<div data-elementor-type=\"wp-page\" data-elementor-id=\"2133\" class=\"elementor elementor-2133 elementor-16\" data-elementor-post-type=\"page\">\n\t\t\t\t\t\t<section class=\"elementor-section elementor-top-section elementor-element elementor-element-aef873b elementor-section-boxed elementor-section-height-default elementor-section-height-default\" data-id=\"aef873b\" data-element_type=\"section\">\n\t\t\t\t\t\t<div class=\"elementor-container elementor-column-gap-default\">\n\t\t\t\t\t<div class=\"elementor-column elementor-col-100 elementor-top-column elementor-element elementor-element-990223e\" data-id=\"990223e\" data-element_type=\"column\">\n\t\t\t<div class=\"elementor-widget-wrap elementor-element-populated\">\n\t\t\t\t\t\t<div class=\"elementor-element elementor-element-dd9c9ff elementor-widget elementor-widget-spacer\" data-id=\"dd9c9ff\" data-element_type=\"widget\" data-widget_type=\"spacer.default\">\n\t\t\t\t<div class=\"elementor-widget-container\">\n\t\t\t\t\t\t\t<div class=\"elementor-spacer\">\n\t\t\t<div class=\"elementor-spacer-inner\"><\/div>\n\t\t<\/div>\n\t\t\t\t\t\t<\/div>\n\t\t\t\t<\/div>\n\t\t\t\t<div class=\"elementor-element elementor-element-30b1b54 elementor-widget elementor-widget-heading\" data-id=\"30b1b54\" data-element_type=\"widget\" data-widget_type=\"heading.default\">\n\t\t\t\t<div class=\"elementor-widget-container\">\n\t\t\t\t\t<h2 class=\"elementor-heading-title elementor-size-default\">Legal Notices<\/h2>\t\t\t\t<\/div>\n\t\t\t\t<\/div>\n\t\t\t\t<div class=\"elementor-element elementor-element-5ff3450 elementor-widget elementor-widget-text-editor\" data-id=\"5ff3450\" data-element_type=\"widget\" data-widget_type=\"text-editor.default\">\n\t\t\t\t<div class=\"elementor-widget-container\">\n\t\t\t\t\t\t\t\t\t<p><strong>Website publisher<\/strong> BONIFACIO PLONGE Soci\u00e9t\u00e9 par Actions Simplifi\u00e9e (SAS) with a capital of \u20ac1,000.00 Registered with the Ajaccio Trade and Companies Register under number 820 576 999<br \/>Registered office: Pascialella de Precojo, 20137 Porto-Vecchio<br \/>Legal representative: <strong>Jordi ROSSI,<\/strong> President<br \/>E-mail address: <strong>contact@bonifacioplongee.corsica<\/strong><\/p>\n<p><strong>Website host<br \/><\/strong>Nivo-Web<br \/>178 avenue du pr\u00e9sident Robert Schuman<br \/>33110 Le Bouscat<br \/>09 77 25 01 18<\/p>\n<p><strong>Intellectual property :<\/strong> All content on this site (texts, images, logos, videos, etc.) is the<br \/>exclusive property of BONIFACIO PLONGEE, unless otherwise stated. Any<br \/>reproduction, modification, or distribution without prior authorization is prohibited, in<br \/>accordance with the provisions of the Intellectual Property Code. <\/p>\n<p><strong>Protection of personal data :<\/strong> BONIFACIO PLONG\u00c9E is committed to protecting your<br \/>personal data in accordance with the General Data Protection Regulation (GDPR). To<br \/>learn more about how we manage your data, please see our <a href=\"https:\/\/www.bonifacioplongee.corsica\/en\/privacy-policy\/\">Privacy Policy.<\/a> <\/p>\n<p><strong>Cookies :<\/strong> This site uses cookies to improve your user experience and analyze traffic. You<br \/>can manage your preferences in the cookie banner or by consulting our Cookie Policy.<\/p>\n<p>Liability : BONIFACIO PLONG\u00c9E cannot be held responsible:<br \/>\u2022 Interruptions or malfunctions of the site, beyond our control.<br \/>\u2022 Any errors or omissions in the content published.<br \/>\u2022 Content from third-party sites accessible via hypertext links on this site.<\/p>\n<p><strong> Mediation of disputes<br \/><\/strong>In accordance with Article L.616-1 of the Consumer Code, BONIFACIO PLONG\u00c9E offers a mediation system for any dispute related to its services. The mediation entity chosen is the Centre de la M\u00e9diation de la Consommation de Conciliateurs de Justice (CM2C).<br \/>In the event of a dispute, you can file your complaint:<br \/>\u2022 Online: https:\/\/cm2c.net\/<br \/>\u2022 By post: CM2C, 14 rue Saint Jean, 75017 Paris<br \/>\u2022 By phone: 06 09 20 48 86<br \/>\u2022 By email: cm2c@cm2c.net <\/p>\n<p><strong>Contact <\/strong>: If you have any questions or complaints about this site, you can contact us at<br \/>the following address:<br \/><strong>contact@bonifacioplongee.corsica<\/strong><\/p>\n\t\t\t\t\t\t\t\t<\/div>\n\t\t\t\t<\/div>\n\t\t\t\t<div class=\"elementor-element elementor-element-efd9113 elementor-widget elementor-widget-spacer\" data-id=\"efd9113\" data-element_type=\"widget\" data-widget_type=\"spacer.default\">\n\t\t\t\t<div class=\"elementor-widget-container\">\n\t\t\t\t\t\t\t<div class=\"elementor-spacer\">\n\t\t\t<div class=\"elementor-spacer-inner\"><\/div>\n\t\t<\/div>\n\t\t\t\t\t\t<\/div>\n\t\t\t\t<\/div>\n\t\t\t\t\t<\/div>\n\t\t<\/div>\n\t\t\t\t\t<\/div>\n\t\t<\/section>\n\t\t\t\t<\/div>\n\t\t","protected":false},"excerpt":{"rendered":"<p>Website publisher BONIFACIO PLONGE Soci\u00e9t\u00e9 par Actions Simplifi\u00e9e (SAS) with a capital of \u20ac1,000.00 Registered with the Ajaccio Trade and Companies Register under number 820 576 999Registered office: Pascialella de Precojo, 20137 Porto-VecchioLegal representative: Jordi ROSSI, PresidentE-mail address: contact@bonifacioplongee.corsica Website hostNivo-Web178 avenue du pr\u00e9sident Robert Schuman33110 Le Bouscat09 77 25 01 18 Intellectual property : [&hellip;]<\/p>\n","protected":false},"author":1,"featured_media":0,"parent":0,"menu_order":0,"comment_status":"closed","ping_status":"closed","template":"","meta":{"_acf_changed":false,"iawp_total_views":30,"footnotes":""},"class_list":["post-2133","page","type-page","status-publish","hentry"],"acf":[],"yoast_head":"<!-- This site is optimized with the Yoast SEO plugin v27.5 - https:\/\/yoast.com\/product\/yoast-seo-wordpress\/ -->\n<title>Legal Notices - Bonifacio Plong\u00e9e<\/title>\n<meta name=\"robots\" content=\"index, follow, max-snippet:-1, max-image-preview:large, max-video-preview:-1\" \/>\n<link rel=\"canonical\" href=\"https:\/\/bonifacioplongee.corsica\/en\/legal-notices\/\" \/>\n<meta property=\"og:locale\" content=\"en_US\" \/>\n<meta property=\"og:type\" content=\"article\" \/>\n<meta property=\"og:title\" content=\"Legal Notices - Bonifacio Plong\u00e9e\" \/>\n<meta property=\"og:description\" content=\"Website publisher BONIFACIO PLONGE Soci\u00e9t\u00e9 par Actions Simplifi\u00e9e (SAS) with a capital of \u20ac1,000.00 Registered with the Ajaccio Trade and Companies Register under number 820 576 999Registered office: Pascialella de Precojo, 20137 Porto-VecchioLegal representative: Jordi ROSSI, PresidentE-mail address: contact@bonifacioplongee.corsica Website hostNivo-Web178 avenue du pr\u00e9sident Robert Schuman33110 Le Bouscat09 77 25 01 18 Intellectual property : [&hellip;]\" \/>\n<meta property=\"og:url\" content=\"https:\/\/bonifacioplongee.corsica\/en\/legal-notices\/\" \/>\n<meta property=\"og:site_name\" content=\"Bonifacio Plong\u00e9e\" \/>\n<meta property=\"article:modified_time\" content=\"2025-02-25T17:53:05+00:00\" \/>\n<meta name=\"twitter:card\" content=\"summary_large_image\" \/>\n<meta name=\"twitter:label1\" content=\"Est. reading time\" \/>\n\t<meta name=\"twitter:data1\" content=\"1 minute\" \/>\n<script type=\"application\/ld+json\" class=\"yoast-schema-graph\">{\"@context\":\"https:\\\/\\\/schema.org\",\"@graph\":[{\"@type\":\"WebPage\",\"@id\":\"https:\\\/\\\/bonifacioplongee.corsica\\\/en\\\/legal-notices\\\/\",\"url\":\"https:\\\/\\\/bonifacioplongee.corsica\\\/en\\\/legal-notices\\\/\",\"name\":\"Legal Notices - Bonifacio Plong\u00e9e\",\"isPartOf\":{\"@id\":\"https:\\\/\\\/www.bonifacioplongee.corsica\\\/en\\\/#website\"},\"datePublished\":\"2023-04-20T19:23:03+00:00\",\"dateModified\":\"2025-02-25T17:53:05+00:00\",\"breadcrumb\":{\"@id\":\"https:\\\/\\\/bonifacioplongee.corsica\\\/en\\\/legal-notices\\\/#breadcrumb\"},\"inLanguage\":\"en-US\",\"potentialAction\":[{\"@type\":\"ReadAction\",\"target\":[\"https:\\\/\\\/bonifacioplongee.corsica\\\/en\\\/legal-notices\\\/\"]}]},{\"@type\":\"BreadcrumbList\",\"@id\":\"https:\\\/\\\/bonifacioplongee.corsica\\\/en\\\/legal-notices\\\/#breadcrumb\",\"itemListElement\":[{\"@type\":\"ListItem\",\"position\":1,\"name\":\"Accueil\",\"item\":\"https:\\\/\\\/bonifacioplongee.corsica\\\/en\\\/\"},{\"@type\":\"ListItem\",\"position\":2,\"name\":\"Legal Notices\"}]},{\"@type\":\"WebSite\",\"@id\":\"https:\\\/\\\/www.bonifacioplongee.corsica\\\/en\\\/#website\",\"url\":\"https:\\\/\\\/www.bonifacioplongee.corsica\\\/en\\\/\",\"name\":\"Bonifacio Plong\u00e9e\",\"description\":\"\",\"publisher\":{\"@id\":\"https:\\\/\\\/www.bonifacioplongee.corsica\\\/en\\\/#organization\"},\"potentialAction\":[{\"@type\":\"SearchAction\",\"target\":{\"@type\":\"EntryPoint\",\"urlTemplate\":\"https:\\\/\\\/www.bonifacioplongee.corsica\\\/en\\\/?s={search_term_string}\"},\"query-input\":{\"@type\":\"PropertyValueSpecification\",\"valueRequired\":true,\"valueName\":\"search_term_string\"}}],\"inLanguage\":\"en-US\"},{\"@type\":\"Organization\",\"@id\":\"https:\\\/\\\/www.bonifacioplongee.corsica\\\/en\\\/#organization\",\"name\":\"Bonifacio Plong\u00e9e\",\"url\":\"https:\\\/\\\/www.bonifacioplongee.corsica\\\/en\\\/\",\"logo\":{\"@type\":\"ImageObject\",\"inLanguage\":\"en-US\",\"@id\":\"https:\\\/\\\/www.bonifacioplongee.corsica\\\/en\\\/#\\\/schema\\\/logo\\\/image\\\/\",\"url\":\"https:\\\/\\\/bonifacioplongee.corsica\\\/wp-content\\\/uploads\\\/2023\\\/04\\\/unnamed-2.png\",\"contentUrl\":\"https:\\\/\\\/bonifacioplongee.corsica\\\/wp-content\\\/uploads\\\/2023\\\/04\\\/unnamed-2.png\",\"width\":3508,\"height\":1005,\"caption\":\"Bonifacio Plong\u00e9e\"},\"image\":{\"@id\":\"https:\\\/\\\/www.bonifacioplongee.corsica\\\/en\\\/#\\\/schema\\\/logo\\\/image\\\/\"}}]}<\/script>\n<!-- \/ Yoast SEO plugin. -->","yoast_head_json":{"title":"Legal Notices - Bonifacio Plong\u00e9e","robots":{"index":"index","follow":"follow","max-snippet":"max-snippet:-1","max-image-preview":"max-image-preview:large","max-video-preview":"max-video-preview:-1"},"canonical":"https:\/\/bonifacioplongee.corsica\/en\/legal-notices\/","og_locale":"en_US","og_type":"article","og_title":"Legal Notices - Bonifacio Plong\u00e9e","og_description":"Website publisher BONIFACIO PLONGE Soci\u00e9t\u00e9 par Actions Simplifi\u00e9e (SAS) with a capital of \u20ac1,000.00 Registered with the Ajaccio Trade and Companies Register under number 820 576 999Registered office: Pascialella de Precojo, 20137 Porto-VecchioLegal representative: Jordi ROSSI, PresidentE-mail address: contact@bonifacioplongee.corsica Website hostNivo-Web178 avenue du pr\u00e9sident Robert Schuman33110 Le Bouscat09 77 25 01 18 Intellectual property : [&hellip;]","og_url":"https:\/\/bonifacioplongee.corsica\/en\/legal-notices\/","og_site_name":"Bonifacio Plong\u00e9e","article_modified_time":"2025-02-25T17:53:05+00:00","twitter_card":"summary_large_image","twitter_misc":{"Est. reading time":"1 minute"},"schema":{"@context":"https:\/\/schema.org","@graph":[{"@type":"WebPage","@id":"https:\/\/bonifacioplongee.corsica\/en\/legal-notices\/","url":"https:\/\/bonifacioplongee.corsica\/en\/legal-notices\/","name":"Legal Notices - Bonifacio Plong\u00e9e","isPartOf":{"@id":"https:\/\/www.bonifacioplongee.corsica\/en\/#website"},"datePublished":"2023-04-20T19:23:03+00:00","dateModified":"2025-02-25T17:53:05+00:00","breadcrumb":{"@id":"https:\/\/bonifacioplongee.corsica\/en\/legal-notices\/#breadcrumb"},"inLanguage":"en-US","potentialAction":[{"@type":"ReadAction","target":["https:\/\/bonifacioplongee.corsica\/en\/legal-notices\/"]}]},{"@type":"BreadcrumbList","@id":"https:\/\/bonifacioplongee.corsica\/en\/legal-notices\/#breadcrumb","itemListElement":[{"@type":"ListItem","position":1,"name":"Accueil","item":"https:\/\/bonifacioplongee.corsica\/en\/"},{"@type":"ListItem","position":2,"name":"Legal Notices"}]},{"@type":"WebSite","@id":"https:\/\/www.bonifacioplongee.corsica\/en\/#website","url":"https:\/\/www.bonifacioplongee.corsica\/en\/","name":"Bonifacio Plong\u00e9e","description":"","publisher":{"@id":"https:\/\/www.bonifacioplongee.corsica\/en\/#organization"},"potentialAction":[{"@type":"SearchAction","target":{"@type":"EntryPoint","urlTemplate":"https:\/\/www.bonifacioplongee.corsica\/en\/?s={search_term_string}"},"query-input":{"@type":"PropertyValueSpecification","valueRequired":true,"valueName":"search_term_string"}}],"inLanguage":"en-US"},{"@type":"Organization","@id":"https:\/\/www.bonifacioplongee.corsica\/en\/#organization","name":"Bonifacio Plong\u00e9e","url":"https:\/\/www.bonifacioplongee.corsica\/en\/","logo":{"@type":"ImageObject","inLanguage":"en-US","@id":"https:\/\/www.bonifacioplongee.corsica\/en\/#\/schema\/logo\/image\/","url":"https:\/\/bonifacioplongee.corsica\/wp-content\/uploads\/2023\/04\/unnamed-2.png","contentUrl":"https:\/\/bonifacioplongee.corsica\/wp-content\/uploads\/2023\/04\/unnamed-2.png","width":3508,"height":1005,"caption":"Bonifacio Plong\u00e9e"},"image":{"@id":"https:\/\/www.bonifacioplongee.corsica\/en\/#\/schema\/logo\/image\/"}}]}},"_links":{"self":[{"href":"https:\/\/bonifacioplongee.corsica\/en\/wp-json\/wp\/v2\/pages\/2133","targetHints":{"allow":["GET"]}}],"collection":[{"href":"https:\/\/bonifacioplongee.corsica\/en\/wp-json\/wp\/v2\/pages"}],"about":[{"href":"https:\/\/bonifacioplongee.corsica\/en\/wp-json\/wp\/v2\/types\/page"}],"author":[{"embeddable":true,"href":"https:\/\/bonifacioplongee.corsica\/en\/wp-json\/wp\/v2\/users\/1"}],"replies":[{"embeddable":true,"href":"https:\/\/bonifacioplongee.corsica\/en\/wp-json\/wp\/v2\/comments?post=2133"}],"version-history":[{"count":1,"href":"https:\/\/bonifacioplongee.corsica\/en\/wp-json\/wp\/v2\/pages\/2133\/revisions"}],"predecessor-version":[{"id":2134,"href":"https:\/\/bonifacioplongee.corsica\/en\/wp-json\/wp\/v2\/pages\/2133\/revisions\/2134"}],"wp:attachment":[{"href":"https:\/\/bonifacioplongee.corsica\/en\/wp-json\/wp\/v2\/media?parent=2133"}],"curies":[{"name":"wp","href":"https:\/\/api.w.org\/{rel}","templated":true}]}}